{"id":2421,"date":"2025-12-11T13:11:05","date_gmt":"2025-12-11T13:11:05","guid":{"rendered":"https:\/\/scmlkj.com\/?post_type=product&#038;p=2421"},"modified":"2026-01-30T01:01:07","modified_gmt":"2026-01-30T01:01:07","slug":"gelee-de-konjac-arome-peche","status":"publish","type":"product","link":"https:\/\/scmlkj.com\/fr\/produits\/gelee-de-konjac-arome-peche\/","title":{"rendered":"Gel\u00e9e Konjac \u00e0 la p\u00eache"},"content":{"rendered":"<p><\/p>\n\n\n\n<h2 class=\"wp-block-heading\">Sp\u00e9cifications<\/h2>\n\n\n\n<p><strong>Poids et dimensions<\/strong><\/p>\n\n\n\n<figure class=\"wp-block-table\"><table class=\"has-fixed-layout\"><tbody><tr><td><strong>Article<\/strong><\/td><td><strong>D\u00e9tails<\/strong><\/td><\/tr><tr><td>Poids net<\/td><td>150 g<\/td><\/tr><tr><td>Poids brut<\/td><td>155 g<\/td><\/tr><tr><td>Dimensions du produit<\/td><td>Personnalisable<\/td><\/tr><tr><td>Poids \u00e9goutt\u00e9<\/td><td>Personnalisable<\/td><\/tr><tr><td>Type d'emballage<\/td><td>Pochette \u00e0 gel\u00e9e debout<\/td><\/tr><\/tbody><\/table><\/figure>\n\n\n\n<p><strong>Sp\u00e9cifications physiques<\/strong><\/p>\n\n\n\n<figure class=\"wp-block-table\"><table class=\"has-fixed-layout\"><tbody><tr><td>I<strong>tem<\/strong><\/td><td><strong>D\u00e9tails<\/strong><\/td><\/tr><tr><td>Couleur<\/td><td>Rose<\/td><\/tr><tr><td>Saveur<\/td><td>P\u00eache<\/td><\/tr><tr><td>Texture<\/td><td>Gel doux, onctueux et semi-fluide<\/td><\/tr><tr><td>Type<\/td><td>Instantan\u00e9, pr\u00eat \u00e0 consommer<\/td><\/tr><\/tbody><\/table><\/figure>\n\n\n\n<p><strong>Caract\u00e9ristiques du produit<\/strong><\/p>\n\n\n\n<figure class=\"wp-block-table\"><table class=\"has-fixed-layout\"><tbody><tr><td><strong>Fonctionnalit\u00e9<\/strong><\/td><td><strong>Statut<\/strong><\/td><\/tr><tr><td>Sans gluten<\/td><td>\u2714 Oui<\/td><\/tr><tr><td>Sans OGM<\/td><td>\u2714 Oui<\/td><\/tr><tr><td>Sans allerg\u00e8nes<\/td><td>\u2714 Oui<\/td><\/tr><tr><td>Sans additifs<\/td><td>\u2714 Oui<\/td><\/tr><tr><td>Disponible en version biologique<\/td><td>\u2718 Non<\/td><\/tr><tr><td>Pr\u00eat \u00e0 consommer<\/td><td>\u2714 Oui<\/td><\/tr><\/tbody><\/table><\/figure>\n\n\n\n<p><\/p>\n\n\n\n<h2 class=\"wp-block-heading\">Ingr\u00e9dients<\/h2>\n\n\n\n<p>Eau, jus de pomme concentr\u00e9, \u00e9rythritol, poudre de konjac, carragh\u00e9nane, acide citrique, peptide de collag\u00e8ne, chlorure de potassium, sorbate de potassium, vitamine C.<\/p>\n\n\n\n<h2 class=\"wp-block-heading\">Dur\u00e9e de conservation et stockage<\/h2>\n\n\n\n<p><strong>Dur\u00e9e de conservation :<\/strong> 18 mois<\/p>\n\n\n\n<p><strong>Stockage :<\/strong><\/p>\n\n\n\n<ul class=\"wp-block-list\">\n<li>Conserver dans un endroit frais et sec.<\/li>\n\n\n\n<li>\u00c0 servir frais<\/li>\n\n\n\n<li>R\u00e9frig\u00e9rer apr\u00e8s ouverture et consommer dans les 24 heures.<\/li>\n<\/ul>\n\n\n\n<h2 class=\"wp-block-heading\">Bienfaits de la gel\u00e9e de konjac<\/h2>\n\n\n\n<p><strong>En-cas hypocalorique et favorable \u00e0 la perte de poids<\/strong><\/p>\n\n\n\n<p>Enrichi en <strong>peptides de collag\u00e8ne + vitamine C<\/strong>Cette gel\u00e9e favorise la formation naturelle de collag\u00e8ne :<\/p>\n\n\n\n<ul class=\"wp-block-list\">\n<li>Naturellement hypocalorique<\/li>\n\n\n\n<li>Haute teneur en fibres de konjac pour plus de pl\u00e9nitude<\/li>\n\n\n\n<li>Id\u00e9al pour les r\u00e9gimes, la perte de poids, le mode de vie c\u00e9to et la remise en forme.<\/li>\n<\/ul>\n\n\n\n<p>Favorise la sati\u00e9t\u00e9, r\u00e9duit les fringales et soutient les programmes de contr\u00f4le du poids.<\/p>\n\n\n\n<p><strong>Hydratant et rafra\u00eechissant ar\u00f4me p\u00eache<\/strong><\/p>\n\n\n\n<p>Le konjac est naturellement :<\/p>\n\n\n\n<ul class=\"wp-block-list\">\n<li>Go\u00fbt l\u00e9ger et aromatique de p\u00eache<\/li>\n\n\n\n<li>Texture gel lisse<\/li>\n\n\n\n<li>\u00c9nergisant mais pas lourd<\/li>\n<\/ul>\n\n\n\n<p>Parfait pour l'\u00e9t\u00e9, apr\u00e8s l'entra\u00eenement ou pour se rafra\u00eechir pendant la journ\u00e9e.<\/p>\n\n\n\n<p><strong>Boost beaut\u00e9 et bien-\u00eatre (avec vitamine C)<\/strong><\/p>\n\n\n\n<p>La vitamine C favorise la production de collag\u00e8ne<\/p>\n\n\n\n<p>Renforce l'\u00e9clat et l'immunit\u00e9 de la peau<\/p>\n\n\n\n<p>Un en-cas fonctionnel pour les consommateurs soucieux de leur beaut\u00e9<\/p>\n\n\n\n<h2 class=\"wp-block-heading\">Options OEM \/ marque priv\u00e9e<\/h2>\n\n\n\n<p>Saveur personnalis\u00e9e (mangue, litchi, raisin, yaourt, etc.)<\/p>\n\n\n\n<p>Impression personnalis\u00e9e sur pochette, finition mate\/brillante<\/p>\n\n\n\n<p>Sucrosit\u00e9 personnalis\u00e9e (sucr\u00e9, faible teneur en sucre, sans sucre)<\/p>\n\n\n\n<p>Compl\u00e9ments alimentaires (peptides de collag\u00e8ne, vitamines, probiotiques)<\/p>\n\n\n\n<p>Taille personnalis\u00e9e : 120 g \/ 150 g \/ 180 g \/ 200 g<\/p>\n\n\n\n<p>Assistance compl\u00e8te pour la conception d'emballages<\/p>\n\n\n\n<p>Vous souhaitez d\u00e9velopper votre propre <strong>Gel\u00e9e de konjac \u00e0 la p\u00eache<\/strong> ou \u00e9largir votre gamme de snacks fonctionnels ?<br><a href=\"https:\/\/scmlkj.com\/fr\/contact\/\">Contact <strong>Eastern Morning<\/strong><\/a> pour <a href=\"https:\/\/scmlkj.com\/fr\/guide-des-marques-privees-oem\/\">label priv\u00e9 <\/a>d\u00e9veloppement, <a href=\"https:\/\/scmlkj.com\/fr\/demande-dechantillon-gratuit\/\">\u00e9chantillons<\/a>et les prix OEM.<\/p>","protected":false},"excerpt":{"rendered":"<p>Snack \u00e0 base de gel\u00e9e de p\u00eache, faible en calories et riche en fibres (150g \/ OEM disponible) Eastern Morning's <strong data-start=\"530\" data-end=\"559\">Gel\u00e9e de konjac \u00e0 la p\u00eache<\/strong> est un en-cas g\u00e9lifi\u00e9 rafra\u00eechissant, fruit\u00e9 et hypocalorique \u00e0 base de fibres de konjac de premi\u00e8re qualit\u00e9, de concentr\u00e9 de p\u00eache, d'\u00e9rythritol et de vitamine C. Doux, onctueux et naturellement satisfaisant, c'est l'en-cas fonctionnel id\u00e9al pour le contr\u00f4le du poids, la forme physique, la beaut\u00e9 et la consommation nomade.<\/p>\n<p data-start=\"3108\" data-end=\"3139\"><strong data-start=\"3111\" data-end=\"3139\">Sc\u00e9narios d'application<\/strong><\/p>\n<ul data-start=\"3140\" data-end=\"3309\">\n<li data-start=\"3140\" data-end=\"3163\">\n<p data-start=\"3142\" data-end=\"3163\">Supermarch\u00e9s de d\u00e9tail<\/p>\n<\/li>\n<li data-start=\"3164\" data-end=\"3197\">\n<p data-start=\"3166\" data-end=\"3197\">Gammes de snacks beaut\u00e9 et bien-\u00eatre<\/p>\n<\/li>\n<li data-start=\"3198\" data-end=\"3231\">\n<p data-start=\"3200\" data-end=\"3231\">Programmes de snacks fitness et di\u00e9t\u00e9tiques<\/p>\n<\/li>\n<li data-start=\"3232\" data-end=\"3267\">\n<p data-start=\"3234\" data-end=\"3267\">Produits de grignotage de fruits pour enfants<\/p>\n<\/li>\n<li data-start=\"3268\" data-end=\"3309\">\n<p data-start=\"3270\" data-end=\"3309\">Marques de substituts de repas et d'aliments di\u00e9t\u00e9tiques<\/p>\n<\/li>\n<\/ul>","protected":false},"featured_media":2345,"comment_status":"open","ping_status":"closed","template":"","meta":[],"product_brand":[],"product_cat":[51],"product_tag":[],"class_list":{"0":"post-2421","1":"product","2":"type-product","3":"status-publish","4":"has-post-thumbnail","6":"product_cat-konjac-jelly","8":"first","9":"instock","10":"shipping-taxable","11":"product-type-simple"},"_links":{"self":[{"href":"https:\/\/scmlkj.com\/fr\/wp-json\/wp\/v2\/product\/2421","targetHints":{"allow":["GET"]}}],"collection":[{"href":"https:\/\/scmlkj.com\/fr\/wp-json\/wp\/v2\/product"}],"about":[{"href":"https:\/\/scmlkj.com\/fr\/wp-json\/wp\/v2\/types\/product"}],"replies":[{"embeddable":true,"href":"https:\/\/scmlkj.com\/fr\/wp-json\/wp\/v2\/comments?post=2421"}],"wp:featuredmedia":[{"embeddable":true,"href":"https:\/\/scmlkj.com\/fr\/wp-json\/wp\/v2\/media\/2345"}],"wp:attachment":[{"href":"https:\/\/scmlkj.com\/fr\/wp-json\/wp\/v2\/media?parent=2421"}],"wp:term":[{"taxonomy":"product_brand","embeddable":true,"href":"https:\/\/scmlkj.com\/fr\/wp-json\/wp\/v2\/product_brand?post=2421"},{"taxonomy":"product_cat","embeddable":true,"href":"https:\/\/scmlkj.com\/fr\/wp-json\/wp\/v2\/product_cat?post=2421"},{"taxonomy":"product_tag","embeddable":true,"href":"https:\/\/scmlkj.com\/fr\/wp-json\/wp\/v2\/product_tag?post=2421"}],"curies":[{"name":"wp","href":"https:\/\/api.w.org\/{rel}","templated":true}]}}