{"id":2426,"date":"2025-12-11T13:19:12","date_gmt":"2025-12-11T13:19:12","guid":{"rendered":"https:\/\/scmlkj.com\/?post_type=product&#038;p=2426"},"modified":"2026-01-30T00:01:54","modified_gmt":"2026-01-30T00:01:54","slug":"gelee-de-konjac-arome-orange","status":"publish","type":"product","link":"https:\/\/scmlkj.com\/fr\/produits\/gelee-de-konjac-arome-orange\/","title":{"rendered":"Gel\u00e9e de konjac \u00e0 l'orange - Collag\u00e8ne et vitamine C Collation en gel\u00e9e fonctionnelle"},"content":{"rendered":"<p><\/p>\n\n\n\n<h2 class=\"wp-block-heading\">Sp\u00e9cifications<\/h2>\n\n\n\n<p><strong>Poids et dimensions<\/strong><\/p>\n\n\n\n<figure class=\"wp-block-table\"><table class=\"has-fixed-layout\"><tbody><tr><td><strong>Article<\/strong><\/td><td><strong>D\u00e9tails<\/strong><\/td><\/tr><tr><td>Poids net<\/td><td>150 g<\/td><\/tr><tr><td>Poids brut<\/td><td>155 g<\/td><\/tr><tr><td>Dimensions du produit<\/td><td>Personnalisable<\/td><\/tr><tr><td>Poids \u00e9goutt\u00e9<\/td><td>Personnalisable<\/td><\/tr><tr><td>Type d'emballage<\/td><td>Pochette \u00e0 gel\u00e9e debout<\/td><\/tr><\/tbody><\/table><\/figure>\n\n\n\n<p><strong>Sp\u00e9cifications physiques<\/strong><\/p>\n\n\n\n<figure class=\"wp-block-table\"><table class=\"has-fixed-layout\"><tbody><tr><td>I<strong>tem<\/strong><\/td><td><strong>D\u00e9tails<\/strong><\/td><\/tr><tr><td>Couleur<\/td><td>Jaune<\/td><\/tr><tr><td>Saveur<\/td><td>Orange<\/td><\/tr><tr><td>Texture<\/td><td>Gel doux, onctueux et semi-fluide<\/td><\/tr><tr><td>Type<\/td><td>Instantan\u00e9, pr\u00eat \u00e0 consommer<\/td><\/tr><\/tbody><\/table><\/figure>\n\n\n\n<p><strong>Caract\u00e9ristiques du produit<\/strong><\/p>\n\n\n\n<figure class=\"wp-block-table\"><table class=\"has-fixed-layout\"><tbody><tr><td><strong>Fonctionnalit\u00e9<\/strong><\/td><td><strong>Statut<\/strong><\/td><\/tr><tr><td>Sans gluten<\/td><td>\u2714 Oui<\/td><\/tr><tr><td>Sans OGM<\/td><td>\u2714 Oui<\/td><\/tr><tr><td>Sans allerg\u00e8nes<\/td><td>\u2714 Oui<\/td><\/tr><tr><td>Sans additifs<\/td><td>\u2714 Oui<\/td><\/tr><tr><td>Disponible en version biologique<\/td><td>\u2718 Non<\/td><\/tr><tr><td>Pr\u00eat \u00e0 consommer<\/td><td>\u2714 Oui<\/td><\/tr><\/tbody><\/table><\/figure>\n\n\n\n<p><\/p>\n\n\n\n<h2 class=\"wp-block-heading\">Ingr\u00e9dients<\/h2>\n\n\n\n<p>Eau, concentr\u00e9 de jus d'orange, \u00e9rythritol, poudre de konjac, carragh\u00e9nane, acide citrique, chlorure de potassium, sorbate de potassium, vitamine C, peptide de collag\u00e8ne.<\/p>\n\n\n\n<h2 class=\"wp-block-heading\">Dur\u00e9e de conservation et stockage<\/h2>\n\n\n\n<p><strong>Dur\u00e9e de conservation :<\/strong> 18 mois<\/p>\n\n\n\n<p><strong>Stockage :<\/strong><\/p>\n\n\n\n<ul class=\"wp-block-list\">\n<li>Conserver dans un endroit frais et sec.<\/li>\n\n\n\n<li>\u00c0 servir frais<\/li>\n\n\n\n<li>R\u00e9frig\u00e9rer apr\u00e8s ouverture et consommer dans les 24 heures.<\/li>\n<\/ul>\n\n\n\n<h2 class=\"wp-block-heading\">Bienfaits de la gel\u00e9e de konjac<\/h2>\n\n\n\n<p><strong>Collag\u00e8ne + Vitamine C Beauty Boost<\/strong><\/p>\n\n\n\n<p>Le peptide de collag\u00e8ne favorise l'\u00e9lasticit\u00e9 et l'hydratation de la peau.<\/p>\n\n\n\n<p>La vitamine C favorise la synth\u00e8se du collag\u00e8ne<\/p>\n\n\n\n<p>Id\u00e9al pour les consommateurs soucieux de leur beaut\u00e9 et \u00e0 la recherche d'en-cas fonctionnels<\/p>\n\n\n\n<p><strong>Faible en calories et adapt\u00e9 \u00e0 la gestion du poids<\/strong><\/p>\n\n\n\n<p>Naturellement hypocalorique<\/p>\n\n\n\n<p>Les fibres de konjac aident \u00e0 augmenter la sati\u00e9t\u00e9<\/p>\n\n\n\n<p>Convient aux lignes d'en-cas minceur, di\u00e9t\u00e9tiques, keto et fitness<\/p>\n\n\n\n<p><strong>\u00c9nergie rafra\u00eechissante aux agrumes<\/strong><\/p>\n\n\n\n<p>L'ar\u00f4me d'orange v\u00e9ritable offre un go\u00fbt vif et juteux.<\/p>\n\n\n\n<p>La vitamine C soutient l'immunit\u00e9 et l'\u00e9nergie<\/p>\n\n\n\n<p>Id\u00e9al pour rafra\u00eechir le corps pendant le travail, les \u00e9tudes et le sport.<\/p>\n\n\n\n<h2 class=\"wp-block-heading\">Options OEM \/ marque priv\u00e9e<\/h2>\n\n\n\n<p>Saveur personnalis\u00e9e (mangue, <a href=\"https:\/\/scmlkj.com\/fr\/product\/gelee-de-konjac-arome-pomme-verte\/\">pomme verte<\/a>, <a href=\"https:\/\/scmlkj.com\/fr\/product\/gelee-de-konjac-a-lananas\/\">ananas<\/a>, <a href=\"https:\/\/scmlkj.com\/fr\/product\/gelee-de-konjac-saveur-raisin-vert\/\">raisin<\/a>, <a href=\"https:\/\/scmlkj.com\/fr\/product\/gelee-de-konjac-arome-peche\/\">p\u00eache<\/a>etc.)<\/p>\n\n\n\n<p>Impression personnalis\u00e9e sur pochette, finition mate\/brillante<\/p>\n\n\n\n<p>Sucrosit\u00e9 personnalis\u00e9e (sucr\u00e9, faible teneur en sucre, sans sucre)<\/p>\n\n\n\n<p>Compl\u00e9ments alimentaires (peptides de collag\u00e8ne, vitamines, probiotiques)<\/p>\n\n\n\n<p>Taille personnalis\u00e9e : 120 g \/ 150 g \/ 180 g \/ 200 g<\/p>\n\n\n\n<p>Assistance compl\u00e8te pour la conception d'emballages<\/p>\n\n\n\n<p>Vous souhaitez d\u00e9velopper votre propre <strong>Gel\u00e9e de konjac \u00e0 l'orange<\/strong> ou \u00e9largir votre gamme de snacks fonctionnels ?<br><a href=\"https:\/\/scmlkj.com\/fr\/contact\/\">Contact <strong>Eastern Morning<\/strong><\/a> pour<a href=\"https:\/\/scmlkj.com\/fr\/guide-des-marques-privees-oem\/\"> label priv\u00e9 <\/a>d\u00e9veloppement, <a href=\"https:\/\/scmlkj.com\/fr\/demande-dechantillon-gratuit\/\">\u00e9chantillons<\/a>et les prix OEM.<\/p>\n\n\n\n<p><\/p>","protected":false},"excerpt":{"rendered":"<p>Collation en gel\u00e9e hypocalorique et riche en fibres avec collag\u00e8ne et vitamine C (150g \/ OEM disponible) Eastern Morning's <strong data-start=\"570\" data-end=\"600\">Gel\u00e9e de Konjac \u00e0 l'orange<\/strong> est une gel\u00e9e fonctionnelle juteuse et rafra\u00eechissante enrichie en fibres de konjac, en concentr\u00e9 d'orange, en peptide de collag\u00e8ne et en vitamine C. Un en-cas hypocalorique parfait pour les modes de vie ax\u00e9s sur la beaut\u00e9, le bien-\u00eatre, l'amincissement et les d\u00e9placements.<\/p>\n<p data-start=\"3043\" data-end=\"3074\"><strong data-start=\"3046\" data-end=\"3074\">Sc\u00e9narios d'application<\/strong><\/p>\n<ul data-start=\"3075\" data-end=\"3273\">\n<li data-start=\"3075\" data-end=\"3103\">\n<p data-start=\"3077\" data-end=\"3103\">Collations beaut\u00e9 fonctionnelles<\/p>\n<\/li>\n<li data-start=\"3104\" data-end=\"3134\">\n<p data-start=\"3106\" data-end=\"3134\">Programmes de collations minceur<\/p>\n<\/li>\n<li data-start=\"3135\" data-end=\"3166\">\n<p data-start=\"3137\" data-end=\"3166\">Boissons dans les magasins de proximit\u00e9<\/p>\n<\/li>\n<li data-start=\"3167\" data-end=\"3202\">\n<p data-start=\"3169\" data-end=\"3202\">Coffrets de collations sant\u00e9 pour e-commerce<\/p>\n<\/li>\n<li data-start=\"3203\" data-end=\"3236\">\n<p data-start=\"3205\" data-end=\"3236\">S\u00e9rie d'en-cas \u00e0 base de gel\u00e9e de fruits pour enfants<\/p>\n<\/li>\n<li data-start=\"3237\" data-end=\"3273\">\n<p data-start=\"3239\" data-end=\"3273\">Lignes de produits de fitness et de bien-\u00eatre<\/p>\n<\/li>\n<\/ul>","protected":false},"featured_media":2407,"comment_status":"open","ping_status":"closed","template":"","meta":[],"product_brand":[],"product_cat":[51],"product_tag":[],"class_list":{"0":"post-2426","1":"product","2":"type-product","3":"status-publish","4":"has-post-thumbnail","6":"product_cat-konjac-jelly","8":"first","9":"instock","10":"shipping-taxable","11":"product-type-simple"},"_links":{"self":[{"href":"https:\/\/scmlkj.com\/fr\/wp-json\/wp\/v2\/product\/2426","targetHints":{"allow":["GET"]}}],"collection":[{"href":"https:\/\/scmlkj.com\/fr\/wp-json\/wp\/v2\/product"}],"about":[{"href":"https:\/\/scmlkj.com\/fr\/wp-json\/wp\/v2\/types\/product"}],"replies":[{"embeddable":true,"href":"https:\/\/scmlkj.com\/fr\/wp-json\/wp\/v2\/comments?post=2426"}],"wp:featuredmedia":[{"embeddable":true,"href":"https:\/\/scmlkj.com\/fr\/wp-json\/wp\/v2\/media\/2407"}],"wp:attachment":[{"href":"https:\/\/scmlkj.com\/fr\/wp-json\/wp\/v2\/media?parent=2426"}],"wp:term":[{"taxonomy":"product_brand","embeddable":true,"href":"https:\/\/scmlkj.com\/fr\/wp-json\/wp\/v2\/product_brand?post=2426"},{"taxonomy":"product_cat","embeddable":true,"href":"https:\/\/scmlkj.com\/fr\/wp-json\/wp\/v2\/product_cat?post=2426"},{"taxonomy":"product_tag","embeddable":true,"href":"https:\/\/scmlkj.com\/fr\/wp-json\/wp\/v2\/product_tag?post=2426"}],"curies":[{"name":"wp","href":"https:\/\/api.w.org\/{rel}","templated":true}]}}