{"id":2431,"date":"2025-12-11T13:27:34","date_gmt":"2025-12-11T13:27:34","guid":{"rendered":"https:\/\/scmlkj.com\/?post_type=product&#038;p=2431"},"modified":"2026-04-12T06:58:55","modified_gmt":"2026-04-12T06:58:55","slug":"gelee-de-konjac-saveur-raisin-vert","status":"publish","type":"product","link":"https:\/\/scmlkj.com\/fr\/produits\/gelee-de-konjac-saveur-raisin-vert\/","title":{"rendered":"Gel\u00e9e de konjac \u00e0 saveur de raisin vert sous marque de distributeur"},"content":{"rendered":"<p><\/p>\n\n\n\n<h2 class=\"wp-block-heading\">Sp\u00e9cifications<\/h2>\n\n\n\n<p><strong>Poids et dimensions<\/strong><\/p>\n\n\n\n<figure class=\"wp-block-table\"><table class=\"has-fixed-layout\"><tbody><tr><td><strong>Article<\/strong><\/td><td><strong>D\u00e9tails<\/strong><\/td><\/tr><tr><td>Poids net<\/td><td>150 g<\/td><\/tr><tr><td>Poids brut<\/td><td>155 g<\/td><\/tr><tr><td>Dimensions du produit<\/td><td>Personnalisable<\/td><\/tr><tr><td>Poids \u00e9goutt\u00e9<\/td><td>Personnalisable<\/td><\/tr><tr><td>Type d'emballage<\/td><td>Pochette \u00e0 gel\u00e9e debout<\/td><\/tr><\/tbody><\/table><\/figure>\n\n\n\n<p><strong>Sp\u00e9cifications physiques<\/strong><\/p>\n\n\n\n<figure class=\"wp-block-table\"><table class=\"has-fixed-layout\"><tbody><tr><td>I<strong>tem<\/strong><\/td><td><strong>D\u00e9tails<\/strong><\/td><\/tr><tr><td>Couleur<\/td><td>Transparent<\/td><\/tr><tr><td>Saveur<\/td><td>Saveur raisin vert<\/td><\/tr><tr><td>Texture<\/td><td>Gel doux, onctueux et semi-fluide<\/td><\/tr><tr><td>Type<\/td><td>Instantan\u00e9, pr\u00eat \u00e0 consommer<\/td><\/tr><\/tbody><\/table><\/figure>\n\n\n\n<p><strong>Caract\u00e9ristiques du produit<\/strong><\/p>\n\n\n\n<figure class=\"wp-block-table\"><table class=\"has-fixed-layout\"><tbody><tr><td><strong>Fonctionnalit\u00e9<\/strong><\/td><td><strong>Statut<\/strong><\/td><\/tr><tr><td>Sans gluten<\/td><td>\u2714 Oui<\/td><\/tr><tr><td>Sans OGM<\/td><td>\u2714 Oui<\/td><\/tr><tr><td>Sans allerg\u00e8nes<\/td><td>\u2714 Oui<\/td><\/tr><tr><td>Sans additifs<\/td><td>\u2714 Oui<\/td><\/tr><tr><td>Disponible en version biologique<\/td><td>\u2718 Non<\/td><\/tr><tr><td>Pr\u00eat \u00e0 consommer<\/td><td>\u2714 Oui<\/td><\/tr><\/tbody><\/table><\/figure>\n\n\n\n<p><\/p>\n\n\n\n<h2 class=\"wp-block-heading\">Ingr\u00e9dients<\/h2>\n\n\n\n<p>Eau, Concentr\u00e9 de jus de raisin, \u00c9rythritol, Farine de konjac, Carragh\u00e9nane, Acide citrique, Chlorure de potassium, Sorbate de potassium, Vitamine C.<\/p>\n\n\n\n<h2 class=\"wp-block-heading\">Dur\u00e9e de conservation et stockage<\/h2>\n\n\n\n<p><strong>Dur\u00e9e de conservation :<\/strong> 18 mois<\/p>\n\n\n\n<p><strong>Stockage :<\/strong><\/p>\n\n\n\n<ul class=\"wp-block-list\">\n<li>Conserver dans un endroit frais et sec.<\/li>\n\n\n\n<li>\u00c0 servir frais<\/li>\n\n\n\n<li>R\u00e9frig\u00e9rer apr\u00e8s ouverture et consommer dans les 24 heures.<\/li>\n<\/ul>\n\n\n\n<h2 class=\"wp-block-heading\">Bienfaits de la gel\u00e9e de konjac<\/h2>\n\n\n\n<p><strong>Collation Fonctionnelle Pauvre en Calories &amp; Riche en Fibres<\/strong><\/p>\n\n\n\n<p>Naturellement pauvre en calories<\/p>\n\n\n\n<p>Contient des fibres alimentaires de konjac<\/p>\n\n\n\n<p>Favorise la sati\u00e9t\u00e9 &amp; r\u00e9duit les fringales<\/p>\n\n\n\n<p>Populaire aupr\u00e8s des consommateurs soucieux de minceur &amp; de fitness<\/p>\n\n\n\n<p><strong>Saveur Raisin Vert Rafra\u00eechissante<\/strong><\/p>\n\n\n\n<p>Go\u00fbt sucr\u00e9 et juteux de raisin<\/p>\n\n\n\n<p>L\u00e9ger et aromatique<\/p>\n\n\n\n<p>Id\u00e9al pour les enfants, les adolescents et les amateurs de collations rafra\u00eechissantes<\/p>\n\n\n\n<p><strong>Vitamine C Ajout\u00e9e pour le Soutien Immunitaire<\/strong><\/p>\n\n\n\n<p>Stimule l'\u00e9nergie<\/p>\n\n\n\n<p>Soutient la peau &amp; l'immunit\u00e9<\/p>\n\n\n\n<p>S'inscrit dans les tendances des collations beaut\u00e9 &amp; bien-\u00eatre<\/p>\n\n\n\n<p><strong>Format Pratique Nomade<\/strong><\/p>\n\n\n\n<p>Design en sachet stable id\u00e9al pour :<\/p>\n\n\n\n<ul class=\"wp-block-list\">\n<li>Bureau<\/li>\n\n\n\n<li>\u00c9cole<\/li>\n\n\n\n<li>Voyage<\/li>\n\n\n\n<li>Salle de sport<\/li>\n\n\n\n<li>Activit\u00e9s de plein air<\/li>\n<\/ul>\n\n\n\n<p>Propre, portable, pas de cuill\u00e8re n\u00e9cessaire.<\/p>\n\n\n\n<h2 class=\"wp-block-heading\">Options OEM \/ marque priv\u00e9e<\/h2>\n\n\n\n<p>Saveur personnalis\u00e9e (mangue, ananas, raisin, orange, p\u00eache, etc.)<\/p>\n\n\n\n<p>Impression personnalis\u00e9e sur pochette, finition mate\/brillante<\/p>\n\n\n\n<p>Sucrosit\u00e9 personnalis\u00e9e (sucr\u00e9, faible teneur en sucre, sans sucre)<\/p>\n\n\n\n<p>Compl\u00e9ments alimentaires (peptides de collag\u00e8ne, vitamines, probiotiques)<\/p>\n\n\n\n<p>Taille personnalis\u00e9e : 120 g \/ 150 g \/ 180 g \/ 200 g<\/p>\n\n\n\n<p>Assistance compl\u00e8te pour la conception d'emballages<\/p>\n\n\n\n<p>Vous souhaitez d\u00e9velopper votre propre <strong>Gel\u00e9e de konjac au raisin vert<\/strong> ou \u00e9largir votre gamme de snacks fonctionnels ?<br><a href=\"https:\/\/scmlkj.com\/fr\/contact\/\">Contact <strong>Eastern Morning<\/strong><\/a> pour <a href=\"https:\/\/scmlkj.com\/fr\/guide-des-marques-privees-oem\/\">d\u00e9veloppement du label priv\u00e9<\/a>, <a href=\"https:\/\/scmlkj.com\/fr\/demande-dechantillon-gratuit\/\">\u00e9chantillons<\/a>et les prix OEM.<\/p>\n\n\n\n<p>Approvisionnement en vrac disponible | MOQ acceptable | Soutien \u00e0 l'exportation au niveau mondial<\/p>\n\n\n\n<p><\/p>","protected":false},"excerpt":{"rendered":"<p data-start=\"699\" data-end=\"883\">En-cas en gel\u00e9e hypocalorique et riche en fibres avec vitamine C (150g \/ OEM disponible) La gel\u00e9e de konjac au go\u00fbt de raisin vert d'Eastern Morning offre un ar\u00f4me fruit\u00e9 rafra\u00eechissant, une texture onctueuse et un go\u00fbt sucr\u00e9 naturel gr\u00e2ce au concentr\u00e9 de jus de raisin et \u00e0 l'\u00e9rythritol. Faible en calories, riche en fibres et en vitamine C, c'est un en-cas fonctionnel id\u00e9al pour la gestion du poids, le fitness, la beaut\u00e9 et les modes de vie modernes en d\u00e9placement.<\/p>\n<ul>\n<li data-section-id=\"19khmq1\" data-start=\"1301\" data-end=\"1365\"><strong>Collations beaut\u00e9 fonctionnelles<\/strong><\/li>\n<li data-section-id=\"1cpou37\" data-start=\"1366\" data-end=\"1440\"><strong data-start=\"1368\" data-end=\"1407\">Riche en fibres alimentaires (glucomannane)<\/strong>\u00a0<\/li>\n<li data-section-id=\"1cjsg98\" data-start=\"1441\" data-end=\"1499\"><strong data-start=\"1443\" data-end=\"1465\">Enrichi en vitamine C<\/strong>\u00a0<\/li>\n<li data-section-id=\"1fc2dal\" data-start=\"1500\" data-end=\"1533\"><strong data-start=\"1502\" data-end=\"1531\">Sans gluten et \u00e0 base de plantes<\/strong><\/li>\n<li data-section-id=\"7s5vkz\" data-start=\"1534\" data-end=\"1596\"><strong data-start=\"1536\" data-end=\"1566\">Texture de la boisson g\u00e9lifi\u00e9e<\/strong><\/li>\n<li data-section-id=\"1w7ffqv\" data-start=\"1597\" data-end=\"1627\"><strong data-start=\"1599\" data-end=\"1625\">Emballages pr\u00eats \u00e0 consommer<\/strong><\/li>\n<\/ul>\n<p>&nbsp;<\/p>","protected":false},"featured_media":2266,"comment_status":"open","ping_status":"closed","template":"","meta":[],"product_brand":[],"product_cat":[51],"product_tag":[],"class_list":{"0":"post-2431","1":"product","2":"type-product","3":"status-publish","4":"has-post-thumbnail","6":"product_cat-konjac-jelly","8":"first","9":"instock","10":"shipping-taxable","11":"product-type-simple"},"_links":{"self":[{"href":"https:\/\/scmlkj.com\/fr\/wp-json\/wp\/v2\/product\/2431","targetHints":{"allow":["GET"]}}],"collection":[{"href":"https:\/\/scmlkj.com\/fr\/wp-json\/wp\/v2\/product"}],"about":[{"href":"https:\/\/scmlkj.com\/fr\/wp-json\/wp\/v2\/types\/product"}],"replies":[{"embeddable":true,"href":"https:\/\/scmlkj.com\/fr\/wp-json\/wp\/v2\/comments?post=2431"}],"wp:featuredmedia":[{"embeddable":true,"href":"https:\/\/scmlkj.com\/fr\/wp-json\/wp\/v2\/media\/2266"}],"wp:attachment":[{"href":"https:\/\/scmlkj.com\/fr\/wp-json\/wp\/v2\/media?parent=2431"}],"wp:term":[{"taxonomy":"product_brand","embeddable":true,"href":"https:\/\/scmlkj.com\/fr\/wp-json\/wp\/v2\/product_brand?post=2431"},{"taxonomy":"product_cat","embeddable":true,"href":"https:\/\/scmlkj.com\/fr\/wp-json\/wp\/v2\/product_cat?post=2431"},{"taxonomy":"product_tag","embeddable":true,"href":"https:\/\/scmlkj.com\/fr\/wp-json\/wp\/v2\/product_tag?post=2431"}],"curies":[{"name":"wp","href":"https:\/\/api.w.org\/{rel}","templated":true}]}}