{"id":2434,"date":"2025-12-11T13:32:53","date_gmt":"2025-12-11T13:32:53","guid":{"rendered":"https:\/\/scmlkj.com\/?post_type=product&#038;p=2434"},"modified":"2026-04-12T06:47:36","modified_gmt":"2026-04-12T06:47:36","slug":"gelee-de-konjac-saveur-pasteque","status":"publish","type":"product","link":"https:\/\/scmlkj.com\/fr\/produits\/gelee-de-konjac-saveur-pasteque\/","title":{"rendered":"Gel\u00e9e Konjac \u00e0 la past\u00e8que"},"content":{"rendered":"<p><\/p>\n\n\n\n<h2 class=\"wp-block-heading\">Sp\u00e9cifications<\/h2>\n\n\n\n<p><strong>Poids et dimensions<\/strong><\/p>\n\n\n\n<figure class=\"wp-block-table\"><table class=\"has-fixed-layout\"><tbody><tr><td><strong>Article<\/strong><\/td><td><strong>D\u00e9tails<\/strong><\/td><\/tr><tr><td>Poids net<\/td><td>150 g<\/td><\/tr><tr><td>Poids brut<\/td><td>155 g<\/td><\/tr><tr><td>Dimensions du produit<\/td><td>Personnalisable<\/td><\/tr><tr><td>Poids \u00e9goutt\u00e9<\/td><td>Personnalisable<\/td><\/tr><tr><td>Type d'emballage<\/td><td>Pochette \u00e0 gel\u00e9e debout<\/td><\/tr><\/tbody><\/table><\/figure>\n\n\n\n<p><strong>Sp\u00e9cifications physiques<\/strong><\/p>\n\n\n\n<figure class=\"wp-block-table\"><table class=\"has-fixed-layout\"><tbody><tr><td>I<strong>tem<\/strong><\/td><td><strong>D\u00e9tails<\/strong><\/td><\/tr><tr><td>Couleur<\/td><td>Rose past\u00e8que \/ rouge (personnalisable)<\/td><\/tr><tr><td>Saveur<\/td><td>Past\u00e8que<\/td><\/tr><tr><td>Texture<\/td><td>Gel doux, onctueux et semi-fluide<\/td><\/tr><tr><td>Type<\/td><td>Instantan\u00e9, pr\u00eat \u00e0 consommer<\/td><\/tr><\/tbody><\/table><\/figure>\n\n\n\n<p><strong>Caract\u00e9ristiques du produit<\/strong><\/p>\n\n\n\n<figure class=\"wp-block-table\"><table class=\"has-fixed-layout\"><tbody><tr><td><strong>Fonctionnalit\u00e9<\/strong><\/td><td><strong>Statut<\/strong><\/td><\/tr><tr><td>Sans gluten<\/td><td>\u2714 Oui<\/td><\/tr><tr><td>Sans OGM<\/td><td>\u2714 Oui<\/td><\/tr><tr><td>Sans allerg\u00e8nes<\/td><td>\u2714 Oui<\/td><\/tr><tr><td>Sans additifs<\/td><td>\u2714 Oui<\/td><\/tr><tr><td>Disponible en version biologique<\/td><td>\u2718 Non<\/td><\/tr><tr><td>Pr\u00eat \u00e0 consommer<\/td><td>\u2714 Oui<\/td><\/tr><\/tbody><\/table><\/figure>\n\n\n\n<p><\/p>\n\n\n\n<h2 class=\"wp-block-heading\">Ingr\u00e9dients<\/h2>\n\n\n\n<p>Eau, m\u00e9lange d'ar\u00f4mes de past\u00e8que (avec du concentr\u00e9 de jus de fruits si n\u00e9cessaire), \u00e9rythritol, poudre de konjac, carragh\u00e9nane, acide citrique, chlorure de potassium, sorbate de potassium, vitamine C.<\/p>\n\n\n\n<h2 class=\"wp-block-heading\">Dur\u00e9e de conservation et stockage<\/h2>\n\n\n\n<p><strong>Dur\u00e9e de conservation :<\/strong> 18 mois<\/p>\n\n\n\n<p><strong>Stockage :<\/strong><\/p>\n\n\n\n<ul class=\"wp-block-list\">\n<li>Conserver dans un endroit frais et sec.<\/li>\n\n\n\n<li>\u00c0 servir frais<\/li>\n\n\n\n<li>R\u00e9frig\u00e9rer apr\u00e8s ouverture et consommer dans les 24 heures.<\/li>\n<\/ul>\n\n\n\n<h2 class=\"wp-block-heading\">Bienfaits de la gel\u00e9e de konjac<\/h2>\n\n\n\n<p><strong>En-cas hypocalorique et favorable \u00e0 la perte de poids<\/strong><\/p>\n\n\n\n<p>Tr\u00e8s peu de calories<\/p>\n\n\n\n<p>Le konjac, riche en fibres, favorise la sati\u00e9t\u00e9<\/p>\n\n\n\n<p>Parfait pour les march\u00e9s de l'amincissement, du keto, de la beaut\u00e9 et des en-cas fonctionnels.<\/p>\n\n\n\n<p><strong>Go\u00fbt rafra\u00eechissant de past\u00e8que<\/strong><\/p>\n\n\n\n<p>Ar\u00f4me de past\u00e8que fra\u00eeche, sucr\u00e9e et juteuse<\/p>\n\n\n\n<p>Id\u00e9al pour les lancements estivaux, les enfants, les adolescents et les consommateurs de fitness<\/p>\n\n\n\n<p>Une sensation d'hydratation naturelle, id\u00e9ale pour les activit\u00e9s sportives et de plein air.<\/p>\n\n\n\n<p><strong>La vitamine C au service du bien-\u00eatre<\/strong><\/p>\n\n\n\n<p>Favorise l'immunit\u00e9<\/p>\n\n\n\n<p>Fournit de l'\u00e9nergie douce et des antioxydants<\/p>\n\n\n\n<p>Id\u00e9al pour les lignes de produits de bien-\u00eatre, de beaut\u00e9 et de fitness pour femmes<\/p>\n\n\n\n<p><strong>Emballage portable pratique<\/strong><\/p>\n\n\n\n<p>Format de la poche debout =<\/p>\n\n\n\n<ul class=\"wp-block-list\">\n<li>sans d\u00e9sordre<\/li>\n\n\n\n<li>facile \u00e0 transporter<\/li>\n\n\n\n<li>id\u00e9al pour les bo\u00eetes \u00e0 lunch, les voyages, l'\u00e9cole et le bureau<\/li>\n<\/ul>\n\n\n\n<p>Pas besoin de cuill\u00e8re, il suffit de presser et de d\u00e9guster.<\/p>\n\n\n\n<h2 class=\"wp-block-heading\">Options OEM \/ marque priv\u00e9e<\/h2>\n\n\n\n<p>Saveur personnalis\u00e9e (mangue, ananas, raisin, orange, p\u00eache, etc.)<\/p>\n\n\n\n<p>Impression personnalis\u00e9e sur pochette, finition mate\/brillante<\/p>\n\n\n\n<p>Sucrosit\u00e9 personnalis\u00e9e (sucr\u00e9, faible teneur en sucre, sans sucre)<\/p>\n\n\n\n<p>Compl\u00e9ments alimentaires (peptides de collag\u00e8ne, vitamines, probiotiques)<\/p>\n\n\n\n<p>Taille personnalis\u00e9e : 120 g \/ 150 g \/ 180 g \/ 200 g<\/p>\n\n\n\n<p>Assistance compl\u00e8te pour la conception d'emballages<\/p>\n\n\n\n<p>Vous souhaitez d\u00e9velopper votre propre <strong>Gel\u00e9e de konjac \u00e0 la past\u00e8que<\/strong> ou \u00e9largir votre gamme de snacks fonctionnels ?<br><a href=\"https:\/\/scmlkj.com\/fr\/contact\/\">Contact <strong>Eastern Morning<\/strong><\/a> pour <a href=\"https:\/\/scmlkj.com\/fr\/guide-des-marques-privees-oem\/\">d\u00e9veloppement du label priv\u00e9<\/a>, <a href=\"https:\/\/scmlkj.com\/fr\/demande-dechantillon-gratuit\/\">\u00e9chantillons<\/a>et les prix OEM.<\/p>\n\n\n\n<p><\/p>","protected":false},"excerpt":{"rendered":"<p>Snack \u00e0 base de gel\u00e9e de past\u00e8que, faible en calories et riche en fibres (150g \/ OEM disponible) Eastern Morning's <strong data-start=\"543\" data-end=\"577\">Gel\u00e9e de Konjac au go\u00fbt de past\u00e8que<\/strong> est un en-cas g\u00e9lifi\u00e9 rafra\u00eechissant, juteux et hypocalorique \u00e0 base de fibres de konjac, d'ar\u00f4me de past\u00e8que, d'\u00e9rythritol et de vitamine C. Avec son go\u00fbt rafra\u00eechissant et sa texture onctueuse, il est id\u00e9al pour l'\u00e9t\u00e9, pour les lignes d'en-cas destin\u00e9es \u00e0 la gestion du poids et pour une consommation saine et portable sur le pouce.<\/p>\n<p data-start=\"3228\" data-end=\"3259\"><strong data-start=\"3231\" data-end=\"3259\">Sc\u00e9narios d'application<\/strong><\/p>\n<ul data-start=\"3260\" data-end=\"3455\">\n<li data-start=\"3260\" data-end=\"3288\">\n<p data-start=\"3262\" data-end=\"3288\">En-cas de beaut\u00e9 et de bien-\u00eatre<\/p>\n<\/li>\n<li data-start=\"3289\" data-end=\"3318\">\n<p data-start=\"3291\" data-end=\"3318\">Lignes de produits d'amaigrissement<\/p>\n<\/li>\n<li data-start=\"3319\" data-end=\"3357\">\n<p data-start=\"3321\" data-end=\"3357\">Boissons\/snacks dans les magasins de proximit\u00e9<\/p>\n<\/li>\n<li data-start=\"3358\" data-end=\"3391\">\n<p data-start=\"3360\" data-end=\"3391\">Ensembles de collations sant\u00e9 pour le commerce \u00e9lectronique<\/p>\n<\/li>\n<li data-start=\"3392\" data-end=\"3425\">\n<p data-start=\"3394\" data-end=\"3425\">Collations fruit\u00e9es \u00e0 base de gel\u00e9e pour enfants\/adolescents<\/p>\n<\/li>\n<li data-start=\"3426\" data-end=\"3455\">\n<p data-start=\"3428\" data-end=\"3455\">Produits de promotion estivale<\/p>\n<\/li>\n<\/ul>","protected":false},"featured_media":2409,"comment_status":"open","ping_status":"closed","template":"","meta":[],"product_brand":[],"product_cat":[51],"product_tag":[],"class_list":{"0":"post-2434","1":"product","2":"type-product","3":"status-publish","4":"has-post-thumbnail","6":"product_cat-konjac-jelly","8":"first","9":"instock","10":"shipping-taxable","11":"product-type-simple"},"_links":{"self":[{"href":"https:\/\/scmlkj.com\/fr\/wp-json\/wp\/v2\/product\/2434","targetHints":{"allow":["GET"]}}],"collection":[{"href":"https:\/\/scmlkj.com\/fr\/wp-json\/wp\/v2\/product"}],"about":[{"href":"https:\/\/scmlkj.com\/fr\/wp-json\/wp\/v2\/types\/product"}],"replies":[{"embeddable":true,"href":"https:\/\/scmlkj.com\/fr\/wp-json\/wp\/v2\/comments?post=2434"}],"wp:featuredmedia":[{"embeddable":true,"href":"https:\/\/scmlkj.com\/fr\/wp-json\/wp\/v2\/media\/2409"}],"wp:attachment":[{"href":"https:\/\/scmlkj.com\/fr\/wp-json\/wp\/v2\/media?parent=2434"}],"wp:term":[{"taxonomy":"product_brand","embeddable":true,"href":"https:\/\/scmlkj.com\/fr\/wp-json\/wp\/v2\/product_brand?post=2434"},{"taxonomy":"product_cat","embeddable":true,"href":"https:\/\/scmlkj.com\/fr\/wp-json\/wp\/v2\/product_cat?post=2434"},{"taxonomy":"product_tag","embeddable":true,"href":"https:\/\/scmlkj.com\/fr\/wp-json\/wp\/v2\/product_tag?post=2434"}],"curies":[{"name":"wp","href":"https:\/\/api.w.org\/{rel}","templated":true}]}}