{"id":2437,"date":"2025-12-11T13:37:38","date_gmt":"2025-12-11T13:37:38","guid":{"rendered":"https:\/\/scmlkj.com\/?post_type=product&#038;p=2437"},"modified":"2026-04-12T06:46:20","modified_gmt":"2026-04-12T06:46:20","slug":"gelee-de-konjac-a-lananas","status":"publish","type":"product","link":"https:\/\/scmlkj.com\/fr\/produits\/gelee-de-konjac-a-lananas\/","title":{"rendered":"Gel\u00e9e Konjac \u00e0 l'ananas"},"content":{"rendered":"<p><\/p>\n\n\n\n<h2 class=\"wp-block-heading\">Sp\u00e9cifications<\/h2>\n\n\n\n<p><strong>Poids et dimensions<\/strong><\/p>\n\n\n\n<figure class=\"wp-block-table\"><table class=\"has-fixed-layout\"><tbody><tr><td><strong>Article<\/strong><\/td><td><strong>D\u00e9tails<\/strong><\/td><\/tr><tr><td>Poids net<\/td><td>150 g<\/td><\/tr><tr><td>Poids brut<\/td><td>155 g<\/td><\/tr><tr><td>Dimensions du produit<\/td><td>Personnalisable<\/td><\/tr><tr><td>Poids \u00e9goutt\u00e9<\/td><td>Personnalisable<\/td><\/tr><tr><td>Type d'emballage<\/td><td>Pochette \u00e0 gel\u00e9e debout<\/td><\/tr><\/tbody><\/table><\/figure>\n\n\n\n<p><strong>Sp\u00e9cifications physiques<\/strong><\/p>\n\n\n\n<figure class=\"wp-block-table\"><table class=\"has-fixed-layout\"><tbody><tr><td>I<strong>tem<\/strong><\/td><td><strong>D\u00e9tails<\/strong><\/td><\/tr><tr><td>Couleur<\/td><td>Jaune \/ Jaune dor\u00e9<\/td><\/tr><tr><td>Saveur<\/td><td>Ananas<\/td><\/tr><tr><td>Texture<\/td><td>Gel doux, onctueux et semi-fluide<\/td><\/tr><tr><td>Type<\/td><td>Instantan\u00e9, pr\u00eat \u00e0 consommer<\/td><\/tr><\/tbody><\/table><\/figure>\n\n\n\n<p><strong>Caract\u00e9ristiques du produit<\/strong><\/p>\n\n\n\n<figure class=\"wp-block-table\"><table class=\"has-fixed-layout\"><tbody><tr><td><strong>Fonctionnalit\u00e9<\/strong><\/td><td><strong>Statut<\/strong><\/td><\/tr><tr><td>Sans gluten<\/td><td>\u2714 Oui<\/td><\/tr><tr><td>Sans OGM<\/td><td>\u2714 Oui<\/td><\/tr><tr><td>Sans allerg\u00e8nes<\/td><td>\u2714 Oui<\/td><\/tr><tr><td>Sans additifs<\/td><td>\u2714 Oui<\/td><\/tr><tr><td>Disponible en version biologique<\/td><td>\u2718 Non<\/td><\/tr><tr><td>Pr\u00eat \u00e0 consommer<\/td><td>\u2714 Oui<\/td><\/tr><\/tbody><\/table><\/figure>\n\n\n\n<p><\/p>\n\n\n\n<h2 class=\"wp-block-heading\">Ingr\u00e9dients<\/h2>\n\n\n\n<p>Eau, concentr\u00e9 de jus d'ananas (ou m\u00e9lange aromatique \u00e0 l'ananas), \u00e9rythritol, poudre de konjac, carragh\u00e9nane, acide citrique, chlorure de potassium, sorbate de potassium, vitamine C.<\/p>\n\n\n\n<h2 class=\"wp-block-heading\">Dur\u00e9e de conservation et stockage<\/h2>\n\n\n\n<p><strong>Dur\u00e9e de conservation :<\/strong> 18 mois<\/p>\n\n\n\n<p><strong>Stockage :<\/strong><\/p>\n\n\n\n<ul class=\"wp-block-list\">\n<li>Conserver dans un endroit frais et sec.<\/li>\n\n\n\n<li>\u00c0 servir frais<\/li>\n\n\n\n<li>R\u00e9frig\u00e9rer apr\u00e8s ouverture et consommer dans les 24 heures.<\/li>\n<\/ul>\n\n\n\n<h2 class=\"wp-block-heading\">Bienfaits de la gel\u00e9e de konjac<\/h2>\n\n\n\n<p><strong>Collation tropicale faible en calories<\/strong><\/p>\n\n\n\n<p>Naturellement faible en calories<\/p>\n\n\n\n<p>Saveur d'ananas douce et rafra\u00eechissante<\/p>\n\n\n\n<p>Id\u00e9al pour les r\u00e9gimes amaigrissants, c\u00e9tog\u00e8nes et \u00e0 faible teneur en sucre<\/p>\n\n\n\n<p><strong>Favorise la perte de poids et riche en fibres<\/strong><\/p>\n\n\n\n<p>Le konjac est naturellement :<\/p>\n\n\n\n<ul class=\"wp-block-list\">\n<li>faible en calories<\/li>\n\n\n\n<li>riche en fibres alimentaires solubles<\/li>\n\n\n\n<li>excellent pour contr\u00f4ler l'app\u00e9tit<\/li>\n<\/ul>\n\n\n\n<p>Il aide \u00e0 cr\u00e9er une sensation de sati\u00e9t\u00e9, \u00e0 r\u00e9duire les fringales et \u00e0 soutenir les programmes de gestion du poids.<\/p>\n\n\n\n<p><strong>Riche en fibres de konjac<\/strong><\/p>\n\n\n\n<p>Procure une sensation de sati\u00e9t\u00e9<\/p>\n\n\n\n<p>Aide \u00e0 r\u00e9duire les fringales<\/p>\n\n\n\n<p>Favorise le bien-\u00eatre digestif<\/p>\n\n\n\n<p><strong>Enrichi en vitamine C<\/strong><\/p>\n\n\n\n<p>Favorise la synth\u00e8se du collag\u00e8ne<\/p>\n\n\n\n<p>Favorise la sant\u00e9 de la peau<\/p>\n\n\n\n<p>Renforce l'immunit\u00e9 et augmente les niveaux d'\u00e9nergie<\/p>\n\n\n\n<p><strong>Pochette pratique pour les d\u00e9placements<\/strong><\/p>\n\n\n\n<p>Id\u00e9al pour :<\/p>\n\n\n\n<ul class=\"wp-block-list\">\n<li>Bo\u00eetes \u00e0 lunch<\/li>\n\n\n\n<li>Collations au bureau<\/li>\n\n\n\n<li>Voyages et activit\u00e9s de plein air<\/li>\n\n\n\n<li>Sacs de sport<\/li>\n\n\n\n<li>Distributeurs automatiques sains<\/li>\n<\/ul>\n\n\n\n<p>Il suffit de presser et de d\u00e9guster, sans cuill\u00e8re.<\/p>\n\n\n\n<h2 class=\"wp-block-heading\">Options OEM \/ marque priv\u00e9e<\/h2>\n\n\n\n<p>Saveur personnalis\u00e9e (mangue, ananas, raisin, orange, p\u00eache, etc.)<\/p>\n\n\n\n<p>Impression personnalis\u00e9e sur pochette, finition mate\/brillante<\/p>\n\n\n\n<p>Sucrosit\u00e9 personnalis\u00e9e (sucr\u00e9, faible teneur en sucre, sans sucre)<\/p>\n\n\n\n<p>Compl\u00e9ments alimentaires (peptides de collag\u00e8ne, vitamines, probiotiques)<\/p>\n\n\n\n<p>Taille personnalis\u00e9e : 120 g \/ 150 g \/ 180 g \/ 200 g<\/p>\n\n\n\n<p>Assistance compl\u00e8te pour la conception d'emballages<\/p>\n\n\n\n<p>Vous souhaitez d\u00e9velopper votre propre <strong>Gel\u00e9e de konjac \u00e0 l'ananas<\/strong> ou \u00e9largir votre gamme de snacks fonctionnels ?<br>Contact <strong><a href=\"https:\/\/scmlkj.com\/fr\/contact\/\">Eastern Morning<\/a><\/strong> pour <a href=\"https:\/\/scmlkj.com\/fr\/guide-des-marques-privees-oem\/\">d\u00e9veloppement du label priv\u00e9<\/a>, <a href=\"https:\/\/scmlkj.com\/fr\/demande-dechantillon-gratuit\/\">\u00e9chantillons<\/a>et les prix OEM.<\/p>\n\n\n\n<p><\/p>","protected":false},"excerpt":{"rendered":"<p>Collation en gel\u00e9e hypocalorique et riche en fibres avec vitamine C (150g \/ OEM disponible) Eastern Morning's <strong data-start=\"519\" data-end=\"552\">Gel\u00e9e de konjac \u00e0 l'ananas<\/strong> apporte un go\u00fbt tropical \u00e9clatant associ\u00e9 \u00e0 de la fibre de konjac et de la vitamine C. Faible en calories, rafra\u00eechissant et \u00e0 la texture onctueuse, il est id\u00e9al pour les gammes de snacks di\u00e9t\u00e9tiques, les produits de beaut\u00e9 et de bien-\u00eatre, les snacks fruit\u00e9s pour enfants et la consommation nomade.<\/p>\n<p data-start=\"3045\" data-end=\"3076\"><strong data-start=\"3048\" data-end=\"3076\">Sc\u00e9narios d'application<\/strong><\/p>\n<ul data-start=\"3077\" data-end=\"3289\">\n<li data-start=\"3077\" data-end=\"3110\">\n<p data-start=\"3079\" data-end=\"3110\">Gammes de snacks beaut\u00e9 et bien-\u00eatre<\/p>\n<\/li>\n<li data-start=\"3111\" data-end=\"3146\">\n<p data-start=\"3113\" data-end=\"3146\">Snacks pour r\u00e9gime et contr\u00f4le du poids<\/p>\n<\/li>\n<li data-start=\"3147\" data-end=\"3175\">\n<p data-start=\"3149\" data-end=\"3175\">Snacks fruit\u00e9s pour enfants<\/p>\n<\/li>\n<li data-start=\"3176\" data-end=\"3209\">\n<p data-start=\"3178\" data-end=\"3209\">Ensembles de collations sant\u00e9 pour le commerce \u00e9lectronique<\/p>\n<\/li>\n<li data-start=\"3210\" data-end=\"3248\">\n<p data-start=\"3212\" data-end=\"3248\">Snacks \u00e0 emporter dans les magasins de proximit\u00e9<\/p>\n<\/li>\n<li data-start=\"3249\" data-end=\"3289\">\n<p data-start=\"3251\" data-end=\"3289\">Gammes de produits estivaux sur le th\u00e8me des tropiques<\/p>\n<\/li>\n<\/ul>","protected":false},"featured_media":2408,"comment_status":"open","ping_status":"closed","template":"","meta":[],"product_brand":[],"product_cat":[51],"product_tag":[],"class_list":{"0":"post-2437","1":"product","2":"type-product","3":"status-publish","4":"has-post-thumbnail","6":"product_cat-konjac-jelly","8":"first","9":"instock","10":"shipping-taxable","11":"product-type-simple"},"_links":{"self":[{"href":"https:\/\/scmlkj.com\/fr\/wp-json\/wp\/v2\/product\/2437","targetHints":{"allow":["GET"]}}],"collection":[{"href":"https:\/\/scmlkj.com\/fr\/wp-json\/wp\/v2\/product"}],"about":[{"href":"https:\/\/scmlkj.com\/fr\/wp-json\/wp\/v2\/types\/product"}],"replies":[{"embeddable":true,"href":"https:\/\/scmlkj.com\/fr\/wp-json\/wp\/v2\/comments?post=2437"}],"wp:featuredmedia":[{"embeddable":true,"href":"https:\/\/scmlkj.com\/fr\/wp-json\/wp\/v2\/media\/2408"}],"wp:attachment":[{"href":"https:\/\/scmlkj.com\/fr\/wp-json\/wp\/v2\/media?parent=2437"}],"wp:term":[{"taxonomy":"product_brand","embeddable":true,"href":"https:\/\/scmlkj.com\/fr\/wp-json\/wp\/v2\/product_brand?post=2437"},{"taxonomy":"product_cat","embeddable":true,"href":"https:\/\/scmlkj.com\/fr\/wp-json\/wp\/v2\/product_cat?post=2437"},{"taxonomy":"product_tag","embeddable":true,"href":"https:\/\/scmlkj.com\/fr\/wp-json\/wp\/v2\/product_tag?post=2437"}],"curies":[{"name":"wp","href":"https:\/\/api.w.org\/{rel}","templated":true}]}}