{"id":3281,"date":"2026-03-06T07:07:44","date_gmt":"2026-03-06T07:07:44","guid":{"rendered":"https:\/\/scmlkj.com\/?post_type=product&#038;p=3281"},"modified":"2026-03-06T07:47:05","modified_gmt":"2026-03-06T07:47:05","slug":"riz-shirataki-au-quinoa-a-faible-teneur-en-glucides","status":"publish","type":"product","link":"https:\/\/scmlkj.com\/fr\/produits\/riz-shirataki-au-quinoa-a-faible-teneur-en-glucides\/","title":{"rendered":"Riz instantan\u00e9 Shirataki au quinoa tricolore \u00e0 faible teneur en glucides"},"content":{"rendered":"<h2 class=\"wp-block-heading\">Sp\u00e9cifications du produit<\/h2>\n\n\n\n<figure class=\"wp-block-table\"><table class=\"has-fixed-layout\"><tbody><tr><td><strong>Article<\/strong><\/td><td><strong>D\u00e9tails<\/strong><\/td><\/tr><tr><td>Nom du produit<\/td><td>Riz instantan\u00e9 Shirataki au quinoa tricolore<\/td><\/tr><tr><td>Type de produit<\/td><td>Riz Konjac \/ Riz Shirataki<\/td><\/tr><tr><td>Style<\/td><td>Instantan\u00e9, pr\u00eat \u00e0 consommer <\/td><\/tr><tr><td>Type de traitement<\/td><td>Raffin\u00e9<\/td><\/tr><tr><td>Fonctionnalit\u00e9<\/td><td>Faible teneur en glucides \u00b7 Amincissant<\/td><\/tr><tr><td>Ingr\u00e9dients principaux<\/td><td>Riz de konjac, eau, quinoa blanc, quinoa rouge, quinoa noir<\/td><\/tr><tr><td>Fibres alimentaires<\/td><td>4.1 g<\/td><\/tr><tr><td>Gras<\/td><td><strong>Z\u00e9ro<\/strong><\/td><\/tr><tr><td>Sucre<\/td><td><strong>Z\u00e9ro<\/strong><\/td><\/tr><tr><td>Sans gluten<\/td><td>Oui<\/td><\/tr><tr><td>M\u00e9thode de cuisson<\/td><td><strong>Micro-ondes<\/strong>Hydrothermale<\/td><\/tr><tr><td>Dur\u00e9e de conservation<\/td><td>18 mois<\/td><\/tr><tr><td>Poids net<\/td><td>180 g<\/td><\/tr><tr><td>Certifications<\/td><td>BRC \u00b7 IFS \u00b7 HACCP \u00b7 HALAL \u00b7 KOSHER \u00b7 NOP \u00b7 BIOLOGIQUE UE<\/td><\/tr><tr><td>Marque<\/td><td>OEM accept\u00e9<\/td><\/tr><tr><td>Lieu d'origine<\/td><td>Sichuan, Chine<\/td><\/tr><\/tbody><\/table><\/figure>\n\n\n\n<h2 class=\"wp-block-heading\">Comment manger<\/h2>\n\n\n\n<p><strong>Chauffage par micro-ondes<\/strong><\/p>\n\n\n\n<p>Chauffer le produit au micro-ondes pendant <strong>environ 2 minutes<\/strong>Remuer et servir.<\/p>\n\n\n\n<p>Id\u00e9es de recettes cr\u00e9atives<\/p>\n\n\n\n<ul class=\"wp-block-list\">\n<li>Pr\u00e9paration d'un repas de riz frit au poulet sain<\/li>\n\n\n\n<li>Riz au lait au quinoa de konjac<\/li>\n\n\n\n<li>Salades \u00e0 base de plantes<\/li>\n\n\n\n<li>Bols de c\u00e9r\u00e9ales \u00e0 faible teneur en glucides<\/li>\n<\/ul>\n\n\n\n<h2 class=\"wp-block-heading\">Sc\u00e9narios d'application<\/h2>\n\n\n\n<p>Le riz instantan\u00e9 Shirataki au quinoa tricolore convient \u00e0 plusieurs march\u00e9s d'aliments sains \u00e0 croissance rapide.<\/p>\n\n\n\n<p><strong>Plats pr\u00e9par\u00e9s sains<\/strong><\/p>\n\n\n\n<p>Id\u00e9al pour les repas au micro-ondes, les bols sains et les repas surgel\u00e9s.<\/p>\n\n\n\n<p><strong>Fitness et gestion du poids<\/strong><\/p>\n\n\n\n<p>La faible teneur en calories et la richesse en fibres favorisent le contr\u00f4le des portions et la sati\u00e9t\u00e9.<\/p>\n\n\n\n<p><strong>Produits alimentaires d'origine v\u00e9g\u00e9tale<\/strong><\/p>\n\n\n\n<p>Une alternative naturelle au riz v\u00e9g\u00e9talien avec une meilleure nutrition.<\/p>\n\n\n\n<p><strong>Aliments fonctionnels et super-aliments<\/strong><\/p>\n\n\n\n<p>Combine les fibres de konjac et les nutriments du quinoa pour les marques ax\u00e9es sur le bien-\u00eatre.<\/p>\n\n\n\n<h2 class=\"wp-block-heading\">Label priv\u00e9 et service OEM<\/h2>\n\n\n\n<p>Eastern Morning fournit des informations compl\u00e8tes <strong>Services de fabrication OEM \/ White Label<\/strong>.<\/p>\n\n\n\n<p><strong>Options de personnalisation<\/strong><\/p>\n\n\n\n<ul class=\"wp-block-list\">\n<li>Conception d'emballages personnalis\u00e9s<\/li>\n\n\n\n<li>Marque priv\u00e9e<\/li>\n\n\n\n<li>Formules nutritionnelles personnalis\u00e9es<\/li>\n\n\n\n<li>\u00c9tiquetage multilingue<\/li>\n\n\n\n<li>Options d'emballage pour la vente au d\u00e9tail et en vrac<\/li>\n<\/ul>\n\n\n\n<p><strong>Nos services<\/strong><\/p>\n\n\n\n<ul class=\"wp-block-list\">\n<li>\u00c9chantillons gratuits de produits<\/li>\n\n\n\n<li>Emballage personnalis\u00e9<\/li>\n\n\n\n<li>D\u00e9veloppement de formules personnalis\u00e9es<\/li>\n\n\n\n<li>Soutien \u00e0 la cha\u00eene d'approvisionnement \u00e0 partir d'un guichet unique<\/li>\n\n\n\n<li>Faible MOQ pour les nouvelles marques<\/li>\n<\/ul>\n\n\n\n<h2 class=\"wp-block-heading\">Certifications<\/h2>\n\n\n\n<p>Nos installations de production sont conformes aux normes internationales de s\u00e9curit\u00e9 alimentaire :<\/p>\n\n\n\n<ul class=\"wp-block-list\">\n<li>BRC<\/li>\n\n\n\n<li>IFS<\/li>\n\n\n\n<li>HACCP<\/li>\n\n\n\n<li>HALAL<\/li>\n\n\n\n<li>CACHERE<\/li>\n\n\n\n<li>Biologique UE<\/li>\n<\/ul>\n\n\n\n<h2 class=\"wp-block-heading\">D\u00e9veloppez votre propre produit \u00e0 base de riz de konjac<\/h2>\n\n\n\n<p>Que vous lanciez <strong>des produits \u00e0 base de riz superfood, des repas \u00e0 base de plantes ou des plats pr\u00e9par\u00e9s adapt\u00e9s au r\u00e9gime c\u00e9to<\/strong>Eastern Morning offre un soutien fiable \u00e0 la fabrication et \u00e0 l'exportation.<\/p>\n\n\n\n<p>\u2714 OEM &amp; Private Label<br>\u2714 \u00c9chantillons gratuits disponibles<br>\u2714 Offre stable et exportations mondiales<\/p>\n\n\n\n<p><strong>Contactez-nous d\u00e8s aujourd'hui pour demander des \u00e9chantillons ou un devis.<\/strong><\/p>","protected":false},"excerpt":{"rendered":"<p data-start=\"313\" data-end=\"602\"><strong data-start=\"313\" data-end=\"353\">Riz Shirataki au quinoa tricolore<\/strong> est un substitut fonctionnel de c\u00e9r\u00e9ales d'origine v\u00e9g\u00e9tale associant le riz konjac au quinoa blanc, rouge et noir. Ce m\u00e9lange innovant offre un profil nutritionnel \u00e9quilibr\u00e9 avec une grande quantit\u00e9 de fibres alimentaires provenant du konjac et des prot\u00e9ines v\u00e9g\u00e9tales compl\u00e8tes provenant du quinoa.<\/p>\n<p data-start=\"604\" data-end=\"879\">Par rapport au riz traditionnel, ce produit est moins calorique et contient moins de glucides, tandis que le quinoa apporte des micronutriments naturels et une texture am\u00e9lior\u00e9e. Cette combinaison cr\u00e9e un aliment de base sain qui convient aux r\u00e9gimes modernes \u00e0 faible teneur en glucides, c\u00e9to, v\u00e9g\u00e9taliens et de bien-\u00eatre.<\/p>\n<p><strong>Alternative \u00e0 faible teneur en glucides et en calories\u00a0<\/strong>Le riz konjac apporte beaucoup moins de calories et d'hydrates de carbone que les c\u00e9r\u00e9ales traditionnelles. <strong>Nutrition compl\u00e8te \u00e0 base de plantes -\u00a0<\/strong>Le quinoa tricolore fournit des prot\u00e9ines v\u00e9g\u00e9tales naturelles et des micronutriments. <strong>Aliment fonctionnel riche en fibres -\u00a0<\/strong>Riche en fibres alimentaires glucomannanes, favorisant la sant\u00e9 digestive et la sati\u00e9t\u00e9. <strong>Clean Label &amp; Plant-Based -\u00a0<\/strong>Sans OGM, v\u00e9g\u00e9talien et adapt\u00e9 aux r\u00e9gimes alimentaires modernes et sains. <strong>Rapide et pratique -\u00a0<\/strong>Pr\u00eat en quelques minutes au micro-ondes ou par simple cuisson.<\/p>","protected":false},"featured_media":3282,"comment_status":"open","ping_status":"closed","template":"","meta":[],"product_brand":[],"product_cat":[29],"product_tag":[],"class_list":{"0":"post-3281","1":"product","2":"type-product","3":"status-publish","4":"has-post-thumbnail","6":"product_cat-konjac-rice-series","8":"first","9":"instock","10":"shipping-taxable","11":"product-type-simple"},"_links":{"self":[{"href":"https:\/\/scmlkj.com\/fr\/wp-json\/wp\/v2\/product\/3281","targetHints":{"allow":["GET"]}}],"collection":[{"href":"https:\/\/scmlkj.com\/fr\/wp-json\/wp\/v2\/product"}],"about":[{"href":"https:\/\/scmlkj.com\/fr\/wp-json\/wp\/v2\/types\/product"}],"replies":[{"embeddable":true,"href":"https:\/\/scmlkj.com\/fr\/wp-json\/wp\/v2\/comments?post=3281"}],"wp:featuredmedia":[{"embeddable":true,"href":"https:\/\/scmlkj.com\/fr\/wp-json\/wp\/v2\/media\/3282"}],"wp:attachment":[{"href":"https:\/\/scmlkj.com\/fr\/wp-json\/wp\/v2\/media?parent=3281"}],"wp:term":[{"taxonomy":"product_brand","embeddable":true,"href":"https:\/\/scmlkj.com\/fr\/wp-json\/wp\/v2\/product_brand?post=3281"},{"taxonomy":"product_cat","embeddable":true,"href":"https:\/\/scmlkj.com\/fr\/wp-json\/wp\/v2\/product_cat?post=3281"},{"taxonomy":"product_tag","embeddable":true,"href":"https:\/\/scmlkj.com\/fr\/wp-json\/wp\/v2\/product_tag?post=3281"}],"curies":[{"name":"wp","href":"https:\/\/api.w.org\/{rel}","templated":true}]}}