{"id":3552,"date":"2026-04-21T07:23:59","date_gmt":"2026-04-21T07:23:59","guid":{"rendered":"https:\/\/scmlkj.com\/?post_type=product&#038;p=3552"},"modified":"2026-04-21T07:49:48","modified_gmt":"2026-04-21T07:49:48","slug":"farine-de-konjac-biologique-en-vrac","status":"publish","type":"product","link":"https:\/\/scmlkj.com\/fr\/produits\/farine-de-konjac-biologique-en-vrac\/","title":{"rendered":"Farine de konjac biologique en vrac (poudre de glucomannane)"},"content":{"rendered":"<h2 class=\"wp-block-heading\">Sp\u00e9cifications techniques<\/h2>\n\n\n\n<figure class=\"wp-block-table\"><table class=\"has-fixed-layout\"><thead><tr><th>Param\u00e8tre<\/th><th>Sp\u00e9cification<\/th><\/tr><\/thead><tbody><tr><td>Glucomannane de konjac (KGM)<\/td><td>\u2265 90%<\/td><\/tr><tr><td>Taille des particules<\/td><td>95% pass 120 mesh<\/td><\/tr><tr><td>Viscosit\u00e9 (1%, 25\u00b0C)<\/td><td>25 000 - 36 000 mPa.s<\/td><\/tr><tr><td>pH (solution \u00e0 1%)<\/td><td>5,0 \u2013 7,0<\/td><\/tr><tr><td>Humidit\u00e9<\/td><td>\u2264 10%<\/td><\/tr><tr><td>Fr\u00eane<\/td><td>\u2264 3.0%<\/td><\/tr><tr><td>Prot\u00e9ine<\/td><td>\u2264 3%<\/td><\/tr><tr><td>Amidon<\/td><td>\u2264 3%<\/td><\/tr><tr><td>SO\u2082<\/td><td>\u2264 0,2 g\/kg<\/td><\/tr><tr><td>M\u00e9taux lourds<\/td><td>Pb \u2264 2 mg\/kg \/ As \u2264 3 mg\/kg<\/td><\/tr><tr><td>Microbiologie<\/td><td>TPC \u2264 1000 cfu\/g<\/td><\/tr><tr><td>Salmonelle<\/td><td>N\u00e9gatif<\/td><\/tr><tr><td>E. coli<\/td><td>N\u00e9gatif<\/td><\/tr><\/tbody><\/table><\/figure>\n\n\n\n<h2 class=\"wp-block-heading\">Applications cl\u00e9s<\/h2>\n\n\n\n<h3 class=\"wp-block-heading\">Industrie alimentaire<\/h3>\n\n\n\n<ul class=\"wp-block-list\">\n<li>Nouilles et riz au konjac<\/li>\n\n\n\n<li>Produits carn\u00e9s v\u00e9g\u00e9taliens<\/li>\n\n\n\n<li>Aliments hypocaloriques<\/li>\n\n\n\n<li>Gel\u00e9e et desserts<\/li>\n<\/ul>\n\n\n\n<h3 class=\"wp-block-heading\">Compl\u00e9ments alimentaires<\/h3>\n\n\n\n<ul class=\"wp-block-list\">\n<li>Poudres de fibres<\/li>\n\n\n\n<li>Produits de gestion du poids<\/li>\n\n\n\n<li>Formules de d\u00e9sintoxication et de sant\u00e9 digestive<\/li>\n<\/ul>\n\n\n\n<h3 class=\"wp-block-heading\">Boissons fonctionnelles<\/h3>\n\n\n\n<ul class=\"wp-block-list\">\n<li>Boissons au glucomannane<\/li>\n\n\n\n<li>Substituts de repas<\/li>\n<\/ul>\n\n\n\n<h3 class=\"wp-block-heading\">Industrie et agroalimentaire<\/h3>\n\n\n\n<ul class=\"wp-block-list\">\n<li>\u00c9paississant et stabilisateur<\/li>\n\n\n\n<li>Modificateur de texture<\/li>\n<\/ul>\n\n\n\n<h2 class=\"wp-block-heading\">Emballage et approvisionnement en vrac<\/h2>\n\n\n\n<figure class=\"wp-block-image size-large\"><img fetchpriority=\"high\" decoding=\"async\" width=\"1024\" height=\"576\" src=\"https:\/\/scmlkj.com\/wp-content\/uploads\/2026\/04\/Konjac-flour-package-1024x576.jpg\" alt=\"\" class=\"wp-image-3557\" srcset=\"https:\/\/scmlkj.com\/wp-content\/uploads\/2026\/04\/Konjac-flour-package-1024x576.jpg 1024w, https:\/\/scmlkj.com\/wp-content\/uploads\/2026\/04\/Konjac-flour-package-300x169.jpg 300w, https:\/\/scmlkj.com\/wp-content\/uploads\/2026\/04\/Konjac-flour-package-768x432.jpg 768w, https:\/\/scmlkj.com\/wp-content\/uploads\/2026\/04\/Konjac-flour-package-1536x864.jpg 1536w, https:\/\/scmlkj.com\/wp-content\/uploads\/2026\/04\/Konjac-flour-package-18x10.jpg 18w, https:\/\/scmlkj.com\/wp-content\/uploads\/2026\/04\/Konjac-flour-package-600x338.jpg 600w, https:\/\/scmlkj.com\/wp-content\/uploads\/2026\/04\/Konjac-flour-package.jpg 1600w\" sizes=\"(max-width: 1024px) 100vw, 1024px\" \/><\/figure>\n\n\n\n<h2 class=\"wp-block-heading\">Solutions OEM et marques de distributeur<\/h2>\n\n\n\n<p>Eastern Morning fournit des informations compl\u00e8tes <strong>Support OEM \/ ODM<\/strong>:<\/p>\n\n\n\n<h3 class=\"wp-block-heading\">Options de personnalisation<\/h3>\n\n\n\n<ul class=\"wp-block-list\">\n<li>Niveaux KGM personnalis\u00e9s<\/li>\n\n\n\n<li>Gamme de viscosit\u00e9 personnalis\u00e9e<\/li>\n\n\n\n<li>M\u00e9langes aromatiques et fonctionnels<\/li>\n\n\n\n<li>D\u00e9veloppement d'emballages de vente au d\u00e9tail<\/li>\n\n\n\n<li>Formulations pr\u00eates \u00e0 l'emploi<\/li>\n<\/ul>\n\n\n\n<h3 class=\"wp-block-heading\">Nos services<\/h3>\n\n\n\n<ul class=\"wp-block-list\">\n<li>\u00c9chantillons gratuits<\/li>\n\n\n\n<li>D\u00e9veloppement de formules sur mesure<\/li>\n\n\n\n<li>Soutien \u00e0 la conception d'emballages<\/li>\n\n\n\n<li>Une solution unique pour la cha\u00eene d'approvisionnement<\/li>\n\n\n\n<li>Faible MOQ pour les nouvelles marques<\/li>\n<\/ul>\n\n\n\n<p><\/p>\n\n\n\n<h2 class=\"wp-block-heading\">D\u00e9marrez votre projet d'approvisionnement en farine de konjac<\/h2>\n\n\n\n<p>Que vous produisiez <strong>les aliments fonctionnels, les compl\u00e9ments alimentaires ou les produits \u00e0 base de plantes<\/strong>Eastern Morning propose un approvisionnement en vrac fiable et des solutions OEM.<\/p>\n\n\n\n<p>\u2714 Farine de konjac de haute puret\u00e9<br>Alimentation stable et \u00e9chantillonnage rapide<br>\u2714 Support OEM &amp; Private Label<\/p>\n\n\n\n<p>\ud83d\udc49 <a href=\"https:\/\/scmlkj.com\/fr\/contact\/\">Demander un devis aujourd'hui<\/a><\/p>\n\n\n\n<p><\/p>","protected":false},"excerpt":{"rendered":"<p>Fibres alimentaires de haute puret\u00e9 pour les aliments, les suppl\u00e9ments et les produits fonctionnels<\/p>\n<p data-start=\"325\" data-end=\"514\">La farine de konjac biologique en vrac d'Eastern Morning est une poudre de glucomannane de grande puret\u00e9 extraite de racines de konjac de premi\u00e8re qualit\u00e9 cultiv\u00e9es dans le Sichuan, en Chine - la principale r\u00e9gion de culture du konjac dans le monde.<\/p>\n<p data-start=\"516\" data-end=\"701\">Avec un KGM \u226590%, une excellente absorption de l'eau et une viscosit\u00e9 \u00e9lev\u00e9e, ce produit est largement utilis\u00e9 dans la fabrication de produits alimentaires, de compl\u00e9ments alimentaires, de boissons fonctionnelles et de produits de sant\u00e9.<\/p>\n<p data-start=\"703\" data-end=\"863\">Con\u00e7ue pour l'approvisionnement en vrac, les OEM et les marques de distributeurs, notre farine de konjac offre des performances stables, une qualit\u00e9 constante et une conformit\u00e9 totale aux normes d'exportation.<\/p>\n<p data-section-id=\"17oieei\" data-start=\"2253\" data-end=\"2286\"><span role=\"text\"><strong data-start=\"2256\" data-end=\"2286\">Favorise la gestion du poids<\/strong><\/span><\/p>\n<p data-start=\"2287\" data-end=\"2364\">Le glucomannane se dilate dans l'eau, ce qui augmente la sati\u00e9t\u00e9 et r\u00e9duit l'apport calorique.<\/p>\n<p data-section-id=\"1pimw78\" data-start=\"2366\" data-end=\"2397\"><span role=\"text\"><strong data-start=\"2369\" data-end=\"2397\">Soutien \u00e0 la sant\u00e9 digestive<\/strong><\/span><\/p>\n<p data-start=\"2398\" data-end=\"2452\">Agit comme une fibre alimentaire soluble pour favoriser la sant\u00e9 intestinale.<\/p>\n<p data-section-id=\"17qmaax\" data-start=\"2454\" data-end=\"2494\"><span role=\"text\"><strong data-start=\"2457\" data-end=\"2494\">Ingr\u00e9dient fonctionnel hypocalorique<\/strong><\/span><\/p>\n<p data-start=\"2495\" data-end=\"2556\">Id\u00e9al pour les formulations \u00e0 faible teneur en glucides, les formulations c\u00e9to et les formulations adapt\u00e9es aux diab\u00e9tiques.<\/p>","protected":false},"featured_media":3556,"comment_status":"open","ping_status":"closed","template":"","meta":[],"product_brand":[],"product_cat":[50],"product_tag":[],"class_list":{"0":"post-3552","1":"product","2":"type-product","3":"status-publish","4":"has-post-thumbnail","6":"product_cat-konjac-flour","8":"first","9":"instock","10":"shipping-taxable","11":"product-type-simple"},"_links":{"self":[{"href":"https:\/\/scmlkj.com\/fr\/wp-json\/wp\/v2\/product\/3552","targetHints":{"allow":["GET"]}}],"collection":[{"href":"https:\/\/scmlkj.com\/fr\/wp-json\/wp\/v2\/product"}],"about":[{"href":"https:\/\/scmlkj.com\/fr\/wp-json\/wp\/v2\/types\/product"}],"replies":[{"embeddable":true,"href":"https:\/\/scmlkj.com\/fr\/wp-json\/wp\/v2\/comments?post=3552"}],"wp:featuredmedia":[{"embeddable":true,"href":"https:\/\/scmlkj.com\/fr\/wp-json\/wp\/v2\/media\/3556"}],"wp:attachment":[{"href":"https:\/\/scmlkj.com\/fr\/wp-json\/wp\/v2\/media?parent=3552"}],"wp:term":[{"taxonomy":"product_brand","embeddable":true,"href":"https:\/\/scmlkj.com\/fr\/wp-json\/wp\/v2\/product_brand?post=3552"},{"taxonomy":"product_cat","embeddable":true,"href":"https:\/\/scmlkj.com\/fr\/wp-json\/wp\/v2\/product_cat?post=3552"},{"taxonomy":"product_tag","embeddable":true,"href":"https:\/\/scmlkj.com\/fr\/wp-json\/wp\/v2\/product_tag?post=3552"}],"curies":[{"name":"wp","href":"https:\/\/api.w.org\/{rel}","templated":true}]}}