{"id":581,"date":"2025-11-14T04:24:19","date_gmt":"2025-11-14T04:24:19","guid":{"rendered":"https:\/\/scmlkj.com\/?post_type=product&#038;p=581"},"modified":"2026-04-12T07:21:26","modified_gmt":"2026-04-12T07:21:26","slug":"riz-konjac-humide","status":"publish","type":"product","link":"https:\/\/scmlkj.com\/fr\/produits\/riz-konjac-humide\/","title":{"rendered":"Riz Shirataki Konjac humide \u00e0 faible teneur en calories"},"content":{"rendered":"<h2 class=\"wp-block-heading\">Informations de base<\/h2>\n\n\n\n<p>Le riz konjac est produit \u00e0 partir de <strong>poudre de konjac (glucomannane)<\/strong> et l'eau \u00e0 l'aide d'une technologie de traitement contr\u00f4l\u00e9e.<br>Il s'agit d'un <strong>alternative au riz \u00e0 faible teneur en calories<\/strong> riche en fibres alimentaires solubles et largement utilis\u00e9 dans les march\u00e9s des aliments minceur et fonctionnels.<\/p>\n\n\n\n<p>Cette version humide offre :<\/p>\n\n\n\n<ul class=\"wp-block-list\">\n<li>Pas besoin de trempage<\/li>\n\n\n\n<li>Pr\u00e9paration plus rapide<\/li>\n\n\n\n<li>Texture du riz plus douce et plus naturelle<\/li>\n\n\n\n<li>Adoption facile pour les nouveaux consommateurs<\/li>\n<\/ul>\n\n\n\n<h2 class=\"wp-block-heading\">Informations nutritionnelles<\/h2>\n\n\n\n<figure class=\"wp-block-table\"><table class=\"has-fixed-layout\"><tbody><tr><td><strong>Article<\/strong><\/td><td><strong>Pour 100 g<\/strong><\/td><td><strong>NRV%<\/strong><\/td><\/tr><tr><td>\u00c9nergie<\/td><td>25 kJ<\/td><td>0%<\/td><\/tr><tr><td>Prot\u00e9ine<\/td><td>0 g<\/td><td>0%<\/td><\/tr><tr><td>Gras<\/td><td>0 g<\/td><td>0%<\/td><\/tr><tr><td>Glucide<\/td><td>0 g<\/td><td>0%<\/td><\/tr><tr><td>Fibres alimentaires<\/td><td>3,1 g<\/td><td>0%<\/td><\/tr><tr><td>Sodium<\/td><td>0 g<\/td><td>0%<\/td><\/tr><\/tbody><\/table><\/figure>\n\n\n\n<h2 class=\"wp-block-heading\">Sp\u00e9cifications du produit<\/h2>\n\n\n\n<figure class=\"wp-block-table\"><table class=\"has-fixed-layout\"><tbody><tr><td><strong>Article<\/strong><\/td><td><strong>D\u00e9tails<\/strong><\/td><\/tr><tr><td>Nom du produit<\/td><td>Riz Shirataki Konjac humide \u00e0 faible teneur en calories<\/td><\/tr><tr><td>Type de produit<\/td><td>Riz de konjac humide<\/td><\/tr><tr><td>Style<\/td><td>Pr\u00eat \u00e0 consommer<\/td><\/tr><tr><td>Contenu net<\/td><td><strong>270 g<\/strong> (solide \u2265 200 g)<\/td><\/tr><tr><td>Fonctionnalit\u00e9<\/td><td>Sans mati\u00e8res grasses \u00b7 Faible en calories<\/td><\/tr><tr><td>Ingr\u00e9dients principaux<\/td><td>Eau pure, poudre de konjac<\/td><\/tr><tr><td>Gras<\/td><td><strong>Z\u00e9ro<\/strong><\/td><\/tr><tr><td>Sucre<\/td><td><strong>Z\u00e9ro<\/strong><\/td><\/tr><tr><td>Sans gluten<\/td><td>Oui<\/td><\/tr><tr><td>Fibres alimentaires<\/td><td><strong><strong>3,1 g \/ 100 g<\/strong><\/strong><\/td><\/tr><tr><td>Dur\u00e9e de conservation<\/td><td>12 mois<\/td><\/tr><tr><td>Emballage<\/td><td>Sac <\/td><\/tr><tr><td>Certifications<\/td><td>BRC \u00b7 IFS \u00b7 HACCP \u00b7 HALAL \u00b7 KOSHER \u00b7 NOP \u00b7 BIOLOGIQUE UE<\/td><\/tr><tr><td>Marque<\/td><td>OEM accept\u00e9<\/td><\/tr><tr><td>Lieu d'origine<\/td><td>Sichuan, Chine<\/td><\/tr><\/tbody><\/table><\/figure>\n\n\n\n<h2 class=\"wp-block-heading\">Ingr\u00e9dients<\/h2>\n\n\n\n<p>Eau pure<\/p>\n\n\n\n<p>Poudre de konjac<\/p>\n\n\n\n<p>\u2714 Sans riz \u00b7 sans bl\u00e9 \u00b7 sans c\u00e9r\u00e9ales \u00b7 sans mati\u00e8res grasses \u00b7 sans sucre<\/p>\n\n\n\n<h2 class=\"wp-block-heading\">Bienfaits pour la sant\u00e9 et la perte de poids<\/h2>\n\n\n\n<p><strong>Substitut de repas sans mati\u00e8res grasses<\/strong><\/p>\n\n\n\n<p>Avec <strong>0 g de mati\u00e8res grasses, 0 g de sucre et tr\u00e8s faible teneur en calories<\/strong>Ce riz konjac permet de remplacer les aliments de base riches en calories sans sacrifier la satisfaction gustative.<\/p>\n\n\n\n<hr class=\"wp-block-separator has-alpha-channel-opacity\"\/>\n\n\n\n<p><strong>Fibres alimentaires hautement solubles<\/strong><\/p>\n\n\n\n<p>Glucomannane de konjac :<\/p>\n\n\n\n<ul class=\"wp-block-list\">\n<li>absorbe l'eau et se dilate dans l'estomac<\/li>\n\n\n\n<li>augmente la pl\u00e9nitude<\/li>\n\n\n\n<li>aide \u00e0 r\u00e9duire la faim et l'apport calorique<\/li>\n<\/ul>\n\n\n\n<p>Favorise le contr\u00f4le du poids \u00e0 long terme.<\/p>\n\n\n\n<hr class=\"wp-block-separator has-alpha-channel-opacity\"\/>\n\n\n\n<p><strong>Adapt\u00e9 au taux de glyc\u00e9mie<\/strong><\/p>\n\n\n\n<p>Son faible impact glyc\u00e9mique le rend adapt\u00e9 pour :<\/p>\n\n\n\n<ul class=\"wp-block-list\">\n<li>r\u00e9gimes alimentaires pour diab\u00e9tiques<\/li>\n\n\n\n<li>r\u00e9gimes alimentaires \u00e0 faible indice glyc\u00e9mique<\/li>\n\n\n\n<li>gestion de la sant\u00e9 m\u00e9tabolique<\/li>\n<\/ul>\n\n\n\n<h2 class=\"wp-block-heading\">Comment se pr\u00e9parer<\/h2>\n\n\n\n<ol class=\"wp-block-list\">\n<li>\u00c9gouttez et rincez le riz konjac.<\/li>\n\n\n\n<li>Chaleur pour <strong>2 minutes<\/strong> (faire bouillir, passer au micro-ondes ou faire sauter)<\/li>\n\n\n\n<li>Utiliser comme substitut direct au riz ordinaire.<\/li>\n<\/ol>\n\n\n\n<p>Id\u00e9al pour :<\/p>\n\n\n\n<ul class=\"wp-block-list\">\n<li>bols de riz di\u00e9t\u00e9tiques<\/li>\n\n\n\n<li>plats au curry<\/li>\n\n\n\n<li>programmes de substituts de repas<\/li>\n\n\n\n<li>d\u00e9jeuners \u00e0 calories contr\u00f4l\u00e9es<\/li>\n<\/ul>\n\n\n\n<p>Pour d\u00e9couvrir d'autres fa\u00e7ons de cuisiner, consultez notre <strong><a href=\"https:\/\/scmlkj.com\/fr\/recette-au-konjac\/\">Guide de recettes<\/a><\/strong><\/p>\n\n\n\n<h2 class=\"wp-block-heading\">Options OEM \/ marque priv\u00e9e<\/h2>\n\n\n\n<ul class=\"wp-block-list\">\n<li>Conditionnement personnalis\u00e9 (100 g\/500 g\/1 kg\/5 kg\/25 kg en vrac)<\/li>\n\n\n\n<li>Emballages pour la vente au d\u00e9tail ou la restauration<\/li>\n\n\n\n<li>Versions certifi\u00e9es biologiques<\/li>\n\n\n\n<li>M\u00e9langes de riz (konjac + avoine \/ konjac + potiron)<\/li>\n\n\n\n<li>Assistance \u00e0 la conception et \u00e0 la cr\u00e9ation de marques priv\u00e9es<\/li>\n<\/ul>\n\n\n\n<p>Vous souhaitez ajouter un <strong>alternative au riz \u00e0 faible teneur en calories<\/strong> \u00e0 votre gamme de produits ?<br><a href=\"https:\/\/scmlkj.com\/fr\/contact\/\">Contact <strong>Eastern Morning<\/strong><\/a> pour <strong><a href=\"https:\/\/scmlkj.com\/fr\/fabricant-de-riz-konjac-en-gros\/\">Konjac Rice OEM<\/a><\/strong>, <a href=\"https:\/\/scmlkj.com\/fr\/demande-dechantillon-gratuit\/\">\u00e9chantillons<\/a>et des solutions de tarification en gros.<\/p>","protected":false},"excerpt":{"rendered":"<p data-start=\"539\" data-end=\"871\">Le riz Shirataki Konjac humide \u00e0 faible teneur en calories d'Eastern Morning est un substitut de riz pr\u00eat \u00e0 consommer, sans mati\u00e8res grasses, fabriqu\u00e9 \u00e0 partir d'eau purifi\u00e9e et de poudre de konjac. Avec sa texture douce semblable \u00e0 celle du riz, son go\u00fbt neutre et sa tr\u00e8s faible teneur en calories, il est con\u00e7u comme un substitut de repas de base pour la gestion du poids, les r\u00e9gimes pauvres en glucides et une alimentation quotidienne saine.<\/p>\n<p data-start=\"873\" data-end=\"1028\">Emball\u00e9 sous vide humide pour garantir fra\u00eecheur et praticit\u00e9, ce produit ne n\u00e9cessite qu'un r\u00e9chauffage rapide et peut remplacer directement le riz traditionnel dans tous les repas.<\/p>\n<ul>\n<li data-start=\"1500\" data-end=\"1533\">\n<p data-start=\"1502\" data-end=\"1533\"><strong data-start=\"1502\" data-end=\"1531\">Substitut de repas sans mati\u00e8res grasses<\/strong><\/p>\n<\/li>\n<li data-start=\"1534\" data-end=\"1590\">\n<p data-start=\"1536\" data-end=\"1590\"><strong data-start=\"1536\" data-end=\"1561\">Tr\u00e8s faible en calories<\/strong> \u2013 Id\u00e9al pour les r\u00e9gimes amaigrissants<\/p>\n<\/li>\n<li data-start=\"1591\" data-end=\"1639\">\n<p data-start=\"1593\" data-end=\"1639\"><strong data-start=\"1593\" data-end=\"1618\">Riche en fibres alimentaires<\/strong> \u2013 Favorise la sati\u00e9t\u00e9<\/p>\n<\/li>\n<li data-start=\"1640\" data-end=\"1699\">\n<p data-start=\"1642\" data-end=\"1699\"><strong data-start=\"1642\" data-end=\"1669\">Format humide pr\u00eat \u00e0 consommer<\/strong> \u2013 Texture pratique et douce<\/p>\n<\/li>\n<li data-start=\"1700\" data-end=\"1749\">\n<p data-start=\"1702\" data-end=\"1749\"><strong data-start=\"1702\" data-end=\"1730\">Sans odeur et go\u00fbt neutre<\/strong> \u2013 Sans odeur de konjac<\/p>\n<\/li>\n<li data-start=\"1750\" data-end=\"1782\">\n<p data-start=\"1752\" data-end=\"1782\"><strong data-start=\"1752\" data-end=\"1780\">Sans gluten \u00b7 Sans c\u00e9r\u00e9ales<\/strong><\/p>\n<\/li>\n<li data-start=\"1783\" data-end=\"1812\">\n<p data-start=\"1785\" data-end=\"1812\"><strong data-start=\"1785\" data-end=\"1810\">Faible teneur en glucides \u00b7 Sans sucre<\/strong><\/p>\n<\/li>\n<li data-start=\"1813\" data-end=\"1848\">\n<p data-start=\"1815\" data-end=\"1848\"><strong data-start=\"1815\" data-end=\"1848\">OEM \/ Marque priv\u00e9e disponible<\/strong><\/p>\n<\/li>\n<\/ul>","protected":false},"featured_media":2765,"comment_status":"open","ping_status":"closed","template":"","meta":[],"product_brand":[],"product_cat":[29],"product_tag":[],"class_list":{"0":"post-581","1":"product","2":"type-product","3":"status-publish","4":"has-post-thumbnail","6":"product_cat-konjac-rice-series","8":"first","9":"instock","10":"shipping-taxable","11":"product-type-simple"},"_links":{"self":[{"href":"https:\/\/scmlkj.com\/fr\/wp-json\/wp\/v2\/product\/581","targetHints":{"allow":["GET"]}}],"collection":[{"href":"https:\/\/scmlkj.com\/fr\/wp-json\/wp\/v2\/product"}],"about":[{"href":"https:\/\/scmlkj.com\/fr\/wp-json\/wp\/v2\/types\/product"}],"replies":[{"embeddable":true,"href":"https:\/\/scmlkj.com\/fr\/wp-json\/wp\/v2\/comments?post=581"}],"wp:featuredmedia":[{"embeddable":true,"href":"https:\/\/scmlkj.com\/fr\/wp-json\/wp\/v2\/media\/2765"}],"wp:attachment":[{"href":"https:\/\/scmlkj.com\/fr\/wp-json\/wp\/v2\/media?parent=581"}],"wp:term":[{"taxonomy":"product_brand","embeddable":true,"href":"https:\/\/scmlkj.com\/fr\/wp-json\/wp\/v2\/product_brand?post=581"},{"taxonomy":"product_cat","embeddable":true,"href":"https:\/\/scmlkj.com\/fr\/wp-json\/wp\/v2\/product_cat?post=581"},{"taxonomy":"product_tag","embeddable":true,"href":"https:\/\/scmlkj.com\/fr\/wp-json\/wp\/v2\/product_tag?post=581"}],"curies":[{"name":"wp","href":"https:\/\/api.w.org\/{rel}","templated":true}]}}